{"id":3873,"date":"2025-05-20T15:38:00","date_gmt":"2025-05-20T21:38:00","guid":{"rendered":"https:\/\/notiz.co.cr\/?page_id=3873"},"modified":"2025-05-20T15:48:04","modified_gmt":"2025-05-20T21:48:04","slug":"terminos-de-uso","status":"publish","type":"page","link":"https:\/\/notiz.co.cr\/?page_id=3873","title":{"rendered":"T\u00e9rminos de uso"},"content":{"rendered":"\t\t<div data-elementor-type=\"wp-page\" data-elementor-id=\"3873\" class=\"elementor elementor-3873\" data-elementor-post-type=\"page\">\n\t\t\t\t<div class=\"elementor-element elementor-element-c86c3e2 e-flex e-con-boxed e-con e-child\" data-id=\"c86c3e2\" data-element_type=\"container\" data-e-type=\"container\" data-settings=\"{&quot;background_background&quot;:&quot;classic&quot;}\">\n\t\t\t\t\t<div class=\"e-con-inner\">\n\t\t\t\t<div class=\"elementor-element elementor-element-28f2da6 elementor-widget elementor-widget-shortcode\" data-id=\"28f2da6\" data-element_type=\"widget\" data-e-type=\"widget\" data-widget_type=\"shortcode.default\">\n\t\t\t\t<div class=\"elementor-widget-container\">\n\t\t\t\t\t\t\t<div class=\"elementor-shortcode\"><\/div>\n\t\t\t\t\t\t<\/div>\n\t\t\t\t<\/div>\n\t\t\t\t<div class=\"elementor-element elementor-element-e7ba000 elementor-widget elementor-widget-heading\" data-id=\"e7ba000\" data-element_type=\"widget\" data-e-type=\"widget\" data-widget_type=\"heading.default\">\n\t\t\t\t<div class=\"elementor-widget-container\">\n\t\t\t\t\t<h2 class=\"elementor-heading-title elementor-size-default\">T\u00e9rminos de Uso<\/h2>\t\t\t\t<\/div>\n\t\t\t\t<\/div>\n\t\t\t\t\t<\/div>\n\t\t\t\t<\/div>\n\t\t<div class=\"elementor-element elementor-element-260079f e-flex e-con-boxed e-con e-parent\" data-id=\"260079f\" data-element_type=\"container\" data-e-type=\"container\">\n\t\t\t\t\t<div class=\"e-con-inner\">\n\t\t\t\t<div class=\"elementor-element elementor-element-6871085 elementor-widget elementor-widget-text-editor\" data-id=\"6871085\" data-element_type=\"widget\" data-e-type=\"widget\" data-widget_type=\"text-editor.default\">\n\t\t\t\t<div class=\"elementor-widget-container\">\n\t\t\t\t\t\t\t\t\t<p><b style=\"font-family: inherit; font-size: inherit; font-style: inherit; font-variant-ligatures: inherit; font-variant-caps: inherit;\">NOTIZ <\/b><span style=\"font-family: inherit; font-size: inherit; font-style: inherit; font-variant-ligatures: inherit; font-variant-caps: inherit; font-weight: inherit;\">es, una compa\u00f1\u00eda costarricense, es propietaria y administradora del sitio web&nbsp;<\/span><a style=\"font-family: inherit; font-size: inherit; font-style: inherit; font-variant-ligatures: inherit; font-variant-caps: inherit; font-weight: inherit;\" href=\"http:\/\/www.notiz.co.cr\/\">www.notiz.co.cr<\/a><span style=\"font-family: inherit; font-size: inherit; font-style: inherit; font-variant-ligatures: inherit; font-variant-caps: inherit; font-weight: inherit;\">, sitio virtual dedicado a la comercializaci\u00f3n de productos en l\u00ednea.<\/span><\/p>\n<p>El USUARIO que desee acceder y\/o usar el sitio web&nbsp;<a href=\"http:\/\/www.notiz.co.cr\/\">www.notiz.co.cr<\/a>, declara expresamente haber le\u00eddo y aceptado este CONTRATO DE T\u00c9RMINOS DE USO, junto con todas las dem\u00e1s pol\u00edticas y principios que rigen el sitio&nbsp;<a href=\"http:\/\/www.notiz.co.cr\/\">www.notiz.co.cr<\/a>&nbsp;y que son incorporados al presente contrato por referencia. Todo lo anterior tiene car\u00e1cter obligatorio y vinculante entre NOTIZ y el USUARIO que haga uso del sitio web.&nbsp; Si el USUARIO no est\u00e1 de acuerdo con este documento, no podr\u00e1 tener acceso y\/o utilizar el sitio web&nbsp;<a href=\"http:\/\/www.notiz.co.cr\/\">www.notiz.co.cr<\/a>.<\/p>\n<p>Para efectos del presente CONTRATO DE T\u00c9RMINOS DE USO, las siguientes cl\u00e1usulas, declaraciones y conceptos se desarrollan y definen a continuaci\u00f3n, sin importar la utilizaci\u00f3n en forma singular o plural:<\/p>\n<p>NOTIZ: Plataforma virtual que comercializa PRODUCTOS f\u00edsicos\/tangibles de un tercero; de ahora en adelante denominado PROVEEDOR.<\/p>\n<p>USUARIO: Se denomina a toda persona f\u00edsica mayor de edad, que ingrese a&nbsp;<a href=\"http:\/\/www.notiz.co.cr\/\">www.notiz.co.cr<\/a>&nbsp;a navegar el sitio y\/o realice una cuenta de registro. Se presume que el USUARIO tiene capacidad mental y legal suficiente para adquirir PRODUCTOS por medio de pago de tarjeta de cr\u00e9dito, d\u00e9bito, transferencia bancaria o efectivo.<\/p>\n<p>PRODUCTO: Todo aquello f\u00edsico\/tangible comercializado en el sitio web&nbsp;<a href=\"http:\/\/www.notiz.co.cr\/\">www.notiz.co.cr<\/a>.<\/p>\n<p>N\u00daMERO DE ORDEN: Numeraci\u00f3n que se utilizar\u00e1 para controlar los PRODUCTOS adquiridos por el USUARIO en NOTIZ.<\/p>\n<p><b>Cuenta de registro:<\/b><\/p>\n<p>El registro en NOTIZ es gratuito. El USUARIO debe tener como m\u00ednimo dieciocho (18) a\u00f1os de edad para aceptar y establecer este CONTRATO DE T\u00c9RMINOS DE USO vinculante a su nombre, lo anterior mediante una cuenta de registro donde ingresar\u00e1 los datos personales y de esta manera tener acceso al sitio web&nbsp;<a href=\"http:\/\/www.notiz.co.cr\/\">www.notiz.co.cr<\/a>.<\/p>\n<p>La cuenta que un USUARIO registre en NOTIZ es \u00fanica, personal e intransferible. El USUARIO se compromete a revisar peri\u00f3dicamente la informaci\u00f3n proporcionada y garantizar la validez y vigencia de los datos asociados a su cuenta de registro. NOTIZ tomar\u00e1 como v\u00e1lida dicha informaci\u00f3n y con base en dichos datos proceder\u00e1 a notificar y entregar los PRODUCTOS que el USUARIO adquiera en NOTIZ.<\/p>\n<p>El USUARIO entiende y acepta que es el \u00fanico responsable de mantener la confidencialidad de sus datos de acceso en NOTIZ, as\u00ed como cualquier otra informaci\u00f3n cr\u00edtica asociada a su cuenta de registro.<\/p>\n<p>Asimismo, el USUARIO se compromete a cumplir las recomendaciones de seguridad sugeridas por NOTIZ en el siguiente enlace de Pol\u00edtica de Privacidad que es parte integral de este CONTRATO DE T\u00c9RMINOS DE USO.<\/p>\n<p>A juicio exclusivo de NOTIZ, puede cerrar, suspender o restringir el acceso de un USUARIO a su cuenta de registro en caso de que el USUARIO infrinja este CONTRATO DE T\u00c9RMINOS DE USO y\/o cualquier otra pol\u00edtica que exista en el sitio web&nbsp;<a href=\"http:\/\/www.notiz.co.cr\/\">www.notiz.co.cr<\/a>.<\/p>\n<p><b>Pago de productos:<\/b><\/p>\n<p>Al adquirir un PRODUCTO, el USUARIO deber\u00e1 pagar el precio publicado y en caso de que corresponda los gastos de env\u00edo y entrega. El USUARIO acepta la forma de pago y los procedimientos establecidos por NOTIZ para la adquisici\u00f3n de los PRODUCTOS ofrecidos en el sitio web&nbsp;<a href=\"http:\/\/www.notiz.co.cr\/\">www.notiz.co.cr<\/a>. El precio de los PRODUCTOS publicados en NOTIZ ser\u00e1 desplegado en colones.<\/p>\n<p>Con relaci\u00f3n a PRODUCTOS vendidos por NOTIZ, no podemos confirmar el precio de cada uno de ellos hasta el momento en que EL USUARIO realice la orden. A pesar de nuestros mejores esfuerzos, un peque\u00f1o n\u00famero de productos de nuestro cat\u00e1logo puede tener un precio publicado err\u00f3neo. Si el precio correcto del producto vendido por NOTIZ es en realidad mayor al precio err\u00f3neo publicado, NOTIZ proceder\u00e1 a&nbsp;cancelar el pedido, debiendo notificar al USUARIO de dicha cancelaci\u00f3n y procediendo a reintegrarle la suma que haya sido pagada.<\/p>\n<p>Todos los PRODUCTOS que se encuentran en NOTIZ ser\u00e1n entregados hasta el domicilio o lugar de trabajo del USUARIO. Dicho servicio cuenta con un costo adicional de entrega. El USUARIO comprende y acepta que se sujetar\u00e1 a las condiciones de despacho seg\u00fan la pol\u00edtica de Env\u00edos y Tarifas que se encuentra en el sitio web&nbsp;<a href=\"http:\/\/www.notiz.co.cr\/\">www.notiz.co.cr<\/a>.<\/p>\n<p>El env\u00edo de PRODUCTOS al USUARIO se realizar\u00e1 por medio de los proveedores de mensajer\u00eda que NOTIZ determine.<\/p>\n<p>Al finalizar el pago de un PRODUCTO, NOTIZ enviar\u00e1 un correo electr\u00f3nico al USUARIO con un N\u00daMERO DE ORDEN detallando el o los PRODUCTOS adquiridos a trav\u00e9s de&nbsp;<a href=\"http:\/\/www.notiz.co.cr\/\">www.notiz.co.cr<\/a>.<\/p>\n<p>NOTIZ garantiza que las transacciones realizadas por el USUARIO dentro del sitio web&nbsp;<a href=\"http:\/\/www.notiz.co.cr\/\">www.notiz.co.cr<\/a>&nbsp;son seguras y avaladas por una certificaci\u00f3n de seguridad internacional.<\/p>\n<p>NOTIZ se compromete con los USUARIOS a que la informaci\u00f3n personal y datos bancarios que se brinden sean de car\u00e1cter confidencial y de uso exclusivo, la informaci\u00f3n personal y los datos de la tarjeta son utilizados \u00fanicamente para concretar la transacci\u00f3n en NOTIZ por lo que los USUARIOS pueden estar seguros y tranquilos del manejo de la misma. As\u00ed mismo puede acceder al enlace Pol\u00edtica de Privacidad para conocer y verificar el manejo de la base de datos. Dicho documento es parte \u00edntegra de este CONTRATO DE T\u00c9RMINOS DE USO.<\/p>\n<p>En caso de que la entidad bancaria solicite a NOTIZ informaci\u00f3n sobre un pago realizado en el sitio web&nbsp;<a href=\"http:\/\/www.notiz.co.cr\/\">www.notiz.co.cr<\/a>, el USUARIO ser\u00e1 contactado por NOTIZ con el fin de corroborar su identidad y validar la transacci\u00f3n.<\/p>\n<p>El USUARIO acepta que al adquirir PRODUCTOS en NOTIZ, el mismo est\u00e1 sujeto a la disponibilidad, modelo, color, talla o cantidad previamente establecido por el PROVEEDOR.<\/p>\n<p>El USUARIO a partir de la entrega del PRODUCTO tendr\u00e1 un plazo de cuatro (4) d\u00edas h\u00e1biles para notificar a NOTIZ de alguna disconformidad o si el mismo no fue entregado en condiciones \u00f3ptimas, anunciadas, descritas u ofrecidas en el sitio&nbsp;<a href=\"http:\/\/www.barulu.com\/\">www.Notiz.co.cr<\/a>. Esta notificaci\u00f3n se deber\u00e1 realizar a trav\u00e9s del correo&nbsp;info@notiz.co.cr<\/p>\n<p>El precio, descripci\u00f3n, detalle e inventario de PRODUCTO se encuentra sujeto a cambios sin previo aviso por parte de NOTIZ. El color y la imagen del PRODUCTO pueden variar dependiendo del equipo de c\u00f3mputo y resoluci\u00f3n que se est\u00e9 utilizando EL USUARIO.<\/p>\n<p>NOTIZ se reserva el derecho a modificar las cantidades disponibles para la compra en cualquier momento, incluso despu\u00e9s de realizar una orden.<\/p>\n<ul style=\"margin-top: 0cm;\" type=\"disc\">\n<li><a href=\"https:\/\/www.unimart.com\/pages\/terminos-condiciones-unimart-go\">T\u00e9rminos y Condiciones &#8211; Notiz <\/a><\/li>\n<\/ul>\n<p><b>Responsabilidad:<\/b><\/p>\n<p>Los encargados del sitio web&nbsp;<a href=\"http:\/\/www.notiz.co.cr\/\">www.notiz.co.cr<\/a>&nbsp;han verificado la existencia del PROVEEDOR y sus PRODUCTOS, quien a su vez es el responsable por la existencia, calidad, exactitud, veracidad, seguridad y legalidad de los PRODUCTOS.<\/p>\n<p>NOTIZ se compromete a indicar el precio, garant\u00eda, disponibilidad y caracter\u00edsticas en cada PRODUCTO comercializado en el sitio web&nbsp;<a href=\"http:\/\/www.notiz.co.cr\/\">www.notiz.co.cr<\/a>, as\u00ed como los t\u00e9rminos y condiciones establecidas, que se consideren de importancia y establecidos en la Ley 7472 Promoci\u00f3n de Competencia y Defensa efectiva del Consumidor.<\/p>\n<p>La descripci\u00f3n, restricciones, condiciones y observaciones establecidas por el PROVEEDOR para cada PRODUCTO son vinculantes para el USUARIO y formar\u00e1n parte \u00edntegra de este CONTRATO DE T\u00c9RMINOS Y CONDICIONES DE USO.<\/p>\n<p>El USUARIO reconoce y acepta que la descripci\u00f3n de los PRODUCTOS ofertados en NOTIZ, se publican de acuerdo con los datos, im\u00e1genes o videos facilitados por el PROVEEDOR, localizados en recursos en l\u00ednea o creados internamente por NOTIZ.<\/p>\n<p>NOTIZ establecer\u00e1 el siguiente correo electr\u00f3nico&nbsp;info@notiz.co.cr&nbsp;a disposici\u00f3n del USUARIO, destinado a recibir consultas, sugerencias, comentarios y\/o quejas que pueda tener el USUARIO relacionadas al funcionamiento y gesti\u00f3n del sistema, con el fin de optimizar su funcionamiento.<\/p>\n<p>Con el mayor alcance permitido por la legislaci\u00f3n aplicable, el USUARIO entiende y acuerda que ni NOTIZ ni cualquiera de sus subsidiarias o afiliadas o terceros proveedores de contenido ser\u00e1n responsables por cualquier da\u00f1o directo, indirecto, incidental, relativos a o resultantes de su uso o su incapacidad de usar este sitio o cualquier otro sitio que el USUARIO accediera a trav\u00e9s de una conexi\u00f3n a partir de este sitio o de cualquier medida que NOTIZ tome o deje de tomar como resultado de mensajes de correo electr\u00f3nico que el USUARIO les env\u00ede. Estos incluyen da\u00f1os por errores, omisiones, interrupciones, defectos, atrasos, virus inform\u00e1ticos, su lucro cesante, perdida de datos, acceso no autorizado a y alteraci\u00f3n de sus transmisiones y datos, y otras p\u00e9rdidas tangibles e intangibles.<\/p>\n<p><b>Propiedad Intelectual:<\/b><\/p>\n<p>El material y contenido en el sitio web&nbsp;<a href=\"http:\/\/www.notiz.co.cr\/\">www.notiz.co.cr<\/a>&nbsp;se encuentra protegido bajo la legislaci\u00f3n vigente y v\u00e1lida de Costa Rica y los convenios internacionales referente a los derechos de propiedad intelectual. El USUARIO reconoce y acepta expresamente que el uso de material o contenido publicado en NOTIZ no est\u00e1 permitido para fines comerciales u otros fines ajenos no descritos en este CONTRATO DE T\u00c9RMINOS DE USO, por lo tanto el USUARIO no podr\u00e1 copiar, descargar, comercializar, modificar, publicar, distribuir, crear trabajos o sacar provecho de cualquier otra manera sin la previa autorizaci\u00f3n por escrito de NOTIZ.<\/p>\n<p>El sitio tambi\u00e9n puede incluir marcas comerciales o marcas de servicio de terceros. Todas esas marcas comerciales son propiedad de sus respectivos titulares y el USUARIO acuerda no usar o mostrar las mismas de cualquier forma sin la autorizaci\u00f3n previa por escrito del propietario de la marca comercial en cuesti\u00f3n.<\/p>\n<p>El contenido de NOTIZ es \u00fanicamente con fines de comercializaci\u00f3n de PRODUCTOS que adquiere por medio del PROVEEDOR. Por lo tanto, la informaci\u00f3n mostrada no representa ning\u00fan tipo de consejo o asesoramiento profesional, en caso que el USUARIO necesitara asesoramiento espec\u00edfico sobre el PRODUCTO promocionado o su uso, debe buscar un profesional o experto en el \u00e1rea de inter\u00e9s. NOTIZ no es responsable de cualquier uso o decisi\u00f3n que el USUARIO haga basado en la informaci\u00f3n mostrada en el sitio web&nbsp;<a href=\"http:\/\/www.notiz.co.cr\/\">www.notiz.co.cr<\/a>.<\/p>\n<p><b>Fallas en sistema:<\/b><\/p>\n<p>El USUARIO reconoce que pueden existir interrupciones en el sitio web&nbsp;<a href=\"http:\/\/www.notiz.co.cr\/\">www.notiz.co.cr<\/a>, debido a circunstancias, tanto dentro como fuera del control de NOTIZ.<\/p>\n<p>En caso de problemas t\u00e9cnicos, fallas en el sistema o en el servicio de internet, NOTIZ no garantizar\u00e1 el acceso y uso continuo o ininterrumpido del sitio web&nbsp;<a href=\"http:\/\/www.notiz.co.cr\/\">www.notiz.co.cr<\/a>, no obstante, realizar\u00e1 esfuerzos razonables para mantenerse activo.<\/p>\n<p>NOTIZ tampoco ser\u00e1 responsable por cualquier virus que pudiera infectar el equipo del USUARIO como consecuencia del acceso y\/o uso del mismo, lo anterior a ra\u00edz de cualquier transferencia de datos, archivos, im\u00e1genes, textos o cualquier uso indebido de la informaci\u00f3n mostrada en NOTIZ.<\/p>\n<p>El USUARIO no podr\u00e1 imputarle responsabilidad alguna ni exigir a NOTIZ el pago por lucro cesante o da\u00f1o emergente, en virtud de perjuicios resultantes de dificultades t\u00e9cnicas o fallas en los sistemas o en Internet.<\/p>\n<p><b>Modificaciones de contrato<\/b><\/p>\n<p>NOTIZ podr\u00e1 en cualquier momento y cuando lo considere conveniente, sin necesidad de avisar al USUARIO, realizar correcciones, adiciones, mejoras o modificaciones a este CONTRATO DE T\u00c9RMINOS DE USO. Dichas modificaciones y\/o adaptaciones ser\u00e1n aplicables al USUARIO desde el momento de su publicaci\u00f3n en NOTIZ. Es responsabilidad del USUARIO revisar peri\u00f3dicamente el CONTRATO DE T\u00c9RMINOS DE USO, POL\u00cdTICA DE PRIVACIDAD, POL\u00cdTICA DE ENV\u00cdOS Y TARIFAS y POL\u00cdTICA DE DEVOLUCI\u00d3N con la finalidad de mantenerse al tanto de dichas actualizaciones. No obstante, lo anterior, cada vez que el USUARIO accede al sitio web&nbsp;<a href=\"http:\/\/www.notiz.co.cr\/\">www.notiz.co.cr<\/a>&nbsp;se considerar\u00e1 como una aceptaci\u00f3n absoluta a las modificaciones de los documentos en menci\u00f3n.<\/p>\n<p><i>Ultima actualizaci\u00f3n&nbsp;Mayo 20, 2025<\/i><\/p>\t\t\t\t\t\t\t\t<\/div>\n\t\t\t\t<\/div>\n\t\t\t\t\t<\/div>\n\t\t\t\t<\/div>\n\t\t\t\t<\/div>\n\t\t","protected":false},"excerpt":{"rendered":"<p>T\u00e9rminos de Uso NOTIZ es, una compa\u00f1\u00eda costarricense, es propietaria y administradora del sitio web&nbsp;www.notiz.co.cr, sitio virtual dedicado a la comercializaci\u00f3n de productos en l\u00ednea. El USUARIO que desee acceder y\/o usar el sitio web&nbsp;www.notiz.co.cr, declara expresamente haber le\u00eddo y aceptado este CONTRATO DE T\u00c9RMINOS DE USO, junto con todas las dem\u00e1s pol\u00edticas y principios [&hellip;]<\/p>\n","protected":false},"author":1,"featured_media":0,"parent":0,"menu_order":0,"comment_status":"closed","ping_status":"closed","template":"","meta":{"footnotes":""},"class_list":["post-3873","page","type-page","status-publish","hentry"],"blocksy_meta":[],"_links":{"self":[{"href":"https:\/\/notiz.co.cr\/index.php?rest_route=\/wp\/v2\/pages\/3873","targetHints":{"allow":["GET"]}}],"collection":[{"href":"https:\/\/notiz.co.cr\/index.php?rest_route=\/wp\/v2\/pages"}],"about":[{"href":"https:\/\/notiz.co.cr\/index.php?rest_route=\/wp\/v2\/types\/page"}],"author":[{"embeddable":true,"href":"https:\/\/notiz.co.cr\/index.php?rest_route=\/wp\/v2\/users\/1"}],"replies":[{"embeddable":true,"href":"https:\/\/notiz.co.cr\/index.php?rest_route=%2Fwp%2Fv2%2Fcomments&post=3873"}],"version-history":[{"count":13,"href":"https:\/\/notiz.co.cr\/index.php?rest_route=\/wp\/v2\/pages\/3873\/revisions"}],"predecessor-version":[{"id":3900,"href":"https:\/\/notiz.co.cr\/index.php?rest_route=\/wp\/v2\/pages\/3873\/revisions\/3900"}],"wp:attachment":[{"href":"https:\/\/notiz.co.cr\/index.php?rest_route=%2Fwp%2Fv2%2Fmedia&parent=3873"}],"curies":[{"name":"wp","href":"https:\/\/api.w.org\/{rel}","templated":true}]}}