{"id":3901,"date":"2025-05-20T15:48:07","date_gmt":"2025-05-20T21:48:07","guid":{"rendered":"https:\/\/notiz.co.cr\/?page_id=3901"},"modified":"2025-05-20T15:50:09","modified_gmt":"2025-05-20T21:50:09","slug":"privacidad","status":"publish","type":"page","link":"https:\/\/notiz.co.cr\/?page_id=3901","title":{"rendered":"Privacidad"},"content":{"rendered":"\t\t<div data-elementor-type=\"wp-page\" data-elementor-id=\"3901\" class=\"elementor elementor-3901\" data-elementor-post-type=\"page\">\n\t\t\t\t<div class=\"elementor-element elementor-element-1f157c5 e-flex e-con-boxed e-con e-child\" data-id=\"1f157c5\" data-element_type=\"container\" data-e-type=\"container\" data-settings=\"{&quot;background_background&quot;:&quot;classic&quot;}\">\n\t\t\t\t\t<div class=\"e-con-inner\">\n\t\t\t\t<div class=\"elementor-element elementor-element-481497d elementor-widget elementor-widget-shortcode\" data-id=\"481497d\" data-element_type=\"widget\" data-e-type=\"widget\" data-widget_type=\"shortcode.default\">\n\t\t\t\t<div class=\"elementor-widget-container\">\n\t\t\t\t\t\t\t<div class=\"elementor-shortcode\"><\/div>\n\t\t\t\t\t\t<\/div>\n\t\t\t\t<\/div>\n\t\t\t\t<div class=\"elementor-element elementor-element-debf731 elementor-widget elementor-widget-heading\" data-id=\"debf731\" data-element_type=\"widget\" data-e-type=\"widget\" data-widget_type=\"heading.default\">\n\t\t\t\t<div class=\"elementor-widget-container\">\n\t\t\t\t\t<h2 class=\"elementor-heading-title elementor-size-default\">Privacidad\n\n<\/h2>\t\t\t\t<\/div>\n\t\t\t\t<\/div>\n\t\t\t\t\t<\/div>\n\t\t\t\t<\/div>\n\t\t<div class=\"elementor-element elementor-element-6902aa9 e-flex e-con-boxed e-con e-parent\" data-id=\"6902aa9\" data-element_type=\"container\" data-e-type=\"container\">\n\t\t\t\t\t<div class=\"e-con-inner\">\n\t\t\t\t<div class=\"elementor-element elementor-element-32facd1 elementor-widget elementor-widget-text-editor\" data-id=\"32facd1\" data-element_type=\"widget\" data-e-type=\"widget\" data-widget_type=\"text-editor.default\">\n\t\t\t\t<div class=\"elementor-widget-container\">\n\t\t\t\t\t\t\t\t\t<p style=\"font-style: normal; font-variant-ligatures: normal; font-variant-caps: normal; font-weight: 400; font-size: 16px; font-family: -apple-system, BlinkMacSystemFont, 'Segoe UI', Roboto, Helvetica, Arial, sans-serif, 'Apple Color Emoji', 'Segoe UI Emoji', 'Segoe UI Symbol'; margin-block-end: 24px;\">\u201cNOTIZ\u201d Plataforma virtual que comercializa PRODUCTOS f\u00edsicos\/tangibles de un tercero; de ahora en adelante denominado PROVEEDOR, pone a su disposici\u00f3n esta Pol\u00edtica de Privacidad cuyo objetivo es informar a todos sus USUARIOS acerca de la utilizaci\u00f3n de los datos e informaci\u00f3n que faciliten a trav\u00e9s de NOTIZ. Se excluye aquella informaci\u00f3n que sea recolectada u obtenida por otros medios l\u00edcitos.<\/p><p style=\"font-style: normal; font-variant-ligatures: normal; font-variant-caps: normal; font-weight: 400; font-size: 16px; font-family: -apple-system, BlinkMacSystemFont, 'Segoe UI', Roboto, Helvetica, Arial, sans-serif, 'Apple Color Emoji', 'Segoe UI Emoji', 'Segoe UI Symbol'; margin-block-end: 24px;\">Este Sitio Web es propiedad de NOTIZ, una compa\u00f1\u00eda costarricense, propietaria y administradora del sitio web\u00a0<a style=\"transition: 0.12s cubic-bezier(0.455, 0.03, 0.515, 0.955); color: #e8363c;\" href=\"http:\/\/www.notiz.co.cr\/\">www.notiz.co.cr<\/a>, en adelante NOTIZ sitio virtual dedicado a la comercializaci\u00f3n de productos en l\u00ednea.<\/p><p style=\"font-style: normal; font-variant-ligatures: normal; font-variant-caps: normal; font-weight: 400; font-size: 16px; font-family: -apple-system, BlinkMacSystemFont, 'Segoe UI', Roboto, Helvetica, Arial, sans-serif, 'Apple Color Emoji', 'Segoe UI Emoji', 'Segoe UI Symbol'; margin-block-end: 24px;\">Al acceder o utilizar este Sitio Web, usted acepta esta Pol\u00edtica de Privacidad y los T\u00e9rminos y Condiciones de Uso. Si usted no acepta esta Pol\u00edtica de Privacidad y los T\u00e9rminos y Condiciones de Uso, usted no puede utilizar este Sitio.<\/p><p style=\"font-style: normal; font-variant-ligatures: normal; font-variant-caps: normal; font-weight: 400; font-size: 16px; font-family: -apple-system, BlinkMacSystemFont, 'Segoe UI', Roboto, Helvetica, Arial, sans-serif, 'Apple Color Emoji', 'Segoe UI Emoji', 'Segoe UI Symbol'; margin-block-end: 24px;\">Los USUARIOS pueden acceder al Sitio Web y sus contenidos sin revelar sus datos personales. Sin embargo, algunos datos relativos al nombre, informaci\u00f3n de contacto u otros datos de los USUARIOS pueden ser solicitados y utilizados por NOTIZ seg\u00fan su conveniencia.<\/p><p style=\"font-style: normal; font-variant-ligatures: normal; font-variant-caps: normal; font-weight: 400; font-size: 16px; font-family: -apple-system, BlinkMacSystemFont, 'Segoe UI', Roboto, Helvetica, Arial, sans-serif, 'Apple Color Emoji', 'Segoe UI Emoji', 'Segoe UI Symbol'; margin-block-end: 24px;\">NOTIZ no vende, alquila o comparte la informaci\u00f3n personal de los USUARIOS. Sin embargo, dicha informaci\u00f3n puede ser utilizada por NOTIZ o por los PROVEEDORES a fin de mejorar los servicios prestados a trav\u00e9s del Sitio Web u ofrecer otros servicios. En este \u00faltimo caso, los USUARIOS tendr\u00e1n la posibilidad de solicitar la exclusi\u00f3n en la oferta de esos otros servicios.<\/p><p style=\"font-style: normal; font-variant-ligatures: normal; font-variant-caps: normal; font-weight: 400; font-size: 16px; font-family: -apple-system, BlinkMacSystemFont, 'Segoe UI', Roboto, Helvetica, Arial, sans-serif, 'Apple Color Emoji', 'Segoe UI Emoji', 'Segoe UI Symbol'; margin-block-end: 24px;\">Cualquier informaci\u00f3n o material que los USUARIOS env\u00eden por medio del Sitio Web, sean correos electr\u00f3nicos o cualquier otra generaci\u00f3n de contenido, tales como preguntas, comentarios, sugerencias, o similares, ser\u00e1 considerada como no confidencial. En consecuencia, por tratarse de informaci\u00f3n no confidencial NOTIZ tiene libertad de utilizar cualquier idea, concepto o conocimiento que se incorpore en esa informaci\u00f3n o material.<\/p><p style=\"font-style: normal; font-variant-ligatures: normal; font-variant-caps: normal; font-weight: 400; font-size: 16px; font-family: -apple-system, BlinkMacSystemFont, 'Segoe UI', Roboto, Helvetica, Arial, sans-serif, 'Apple Color Emoji', 'Segoe UI Emoji', 'Segoe UI Symbol'; margin-block-end: 24px;\">NOTIZ ha implementado todas las medidas de seguridad para la protecci\u00f3n de la informaci\u00f3n de los USUARIOS con el fin de evitar el uso indebido, manipulaci\u00f3n, o acceso no autorizado a dicha informaci\u00f3n, sin embargo, los USUARIOS reconocen que las medidas indicadas podr\u00edan no ser suficientes ante la p\u00e9rdida accidental de la informaci\u00f3n, el uso de nuevas tecnolog\u00edas o ingreso de &#8220;hackers&#8221;.<\/p><p style=\"font-style: normal; font-variant-ligatures: normal; font-variant-caps: normal; font-weight: 400; font-size: 16px; font-family: -apple-system, BlinkMacSystemFont, 'Segoe UI', Roboto, Helvetica, Arial, sans-serif, 'Apple Color Emoji', 'Segoe UI Emoji', 'Segoe UI Symbol'; margin-block-end: 24px;\">NOTIZ no puede garantizar la implementaci\u00f3n de medidas similares en aquellos sitios web o enlaces que contenga el Sitio Web respecto a los PROVEEDORES u otros terceros, dado que no tiene ning\u00fan control sobre los mismos.<\/p><p style=\"font-style: normal; font-variant-ligatures: normal; font-variant-caps: normal; font-weight: 400; font-size: 16px; font-family: -apple-system, BlinkMacSystemFont, 'Segoe UI', Roboto, Helvetica, Arial, sans-serif, 'Apple Color Emoji', 'Segoe UI Emoji', 'Segoe UI Symbol'; margin-block-end: 24px;\">El Sitio Web utiliza &#8220;cookies&#8221; as\u00ed como otras tecnolog\u00edas para identificar la actividad de los USUARIOS en el Sitio Web, as\u00ed como informaci\u00f3n sobre el equipo y programas utilizados por los USUARIOS, aunque dicha informaci\u00f3n no queda asociada a los datos personales de los USUARIOS. Los USUARIOS pueden configurar su programa o herramienta de navegaci\u00f3n en Internet para controlar si acepta o rechaza tales medidas como &#8220;cookies&#8221;, o para que le informe cada vez que las &#8220;cookies&#8221; son enviadas.<\/p><p style=\"font-style: normal; font-variant-ligatures: normal; font-variant-caps: normal; font-weight: 400; font-size: 16px; font-family: -apple-system, BlinkMacSystemFont, 'Segoe UI', Roboto, Helvetica, Arial, sans-serif, 'Apple Color Emoji', 'Segoe UI Emoji', 'Segoe UI Symbol'; margin-block-end: 24px;\">Otro tipo de informaci\u00f3n puede ser facilitada de manera voluntaria por los USUARIOS por medio de encuestas o cuestionarios, lo cual depende exclusivamente de la voluntad de los USUARIOS. Los USUARIOS aceptan que NOTIZ podr\u00e1 utilizar dicha informaci\u00f3n de conformidad con lo estipulado en esta Pol\u00edtica de Privacidad.<\/p><p style=\"font-style: normal; font-variant-ligatures: normal; font-variant-caps: normal; font-weight: 400; font-size: 16px; font-family: -apple-system, BlinkMacSystemFont, 'Segoe UI', Roboto, Helvetica, Arial, sans-serif, 'Apple Color Emoji', 'Segoe UI Emoji', 'Segoe UI Symbol'; margin-block-end: 24px;\">Los USUARIOS aceptan que al utilizar el Sitio Web y suministrar su informaci\u00f3n de contacto, NOTIZ podr\u00e1 acceder a dicha informaci\u00f3n para enviarle comunicados o actualizaciones del Sitio Web o sus servicios. Los USUARIOS tienen la posibilidad de solicitar a NOTIZ su exclusi\u00f3n de tales comunicaciones, lo cual har\u00e1 NOTIZ respecto a aquellos servicios o informaci\u00f3n que est\u00e9 bajo su control.<\/p><p style=\"font-style: normal; font-variant-ligatures: normal; font-variant-caps: normal; font-weight: 400; font-size: 16px; font-family: -apple-system, BlinkMacSystemFont, 'Segoe UI', Roboto, Helvetica, Arial, sans-serif, 'Apple Color Emoji', 'Segoe UI Emoji', 'Segoe UI Symbol'; margin-block-end: 24px;\">Los USUARIOS aceptan que NOTIZ podr\u00e1 compartir su informaci\u00f3n personal con los PROVEEDORES. Dicha informaci\u00f3n puede ser utilizada \u00fanicamente para aquellas actividades relacionadas con NOTIZ, y no puede ser compartida con ning\u00fan tercero o usarse para otros fines. NOTIZ retendr\u00e1 el control sobre ese tipo de informaci\u00f3n.<\/p><p style=\"font-style: normal; font-variant-ligatures: normal; font-variant-caps: normal; font-weight: 400; font-size: 16px; font-family: -apple-system, BlinkMacSystemFont, 'Segoe UI', Roboto, Helvetica, Arial, sans-serif, 'Apple Color Emoji', 'Segoe UI Emoji', 'Segoe UI Symbol'; margin-block-end: 24px;\">Dicha informaci\u00f3n tambi\u00e9n podr\u00e1 ser compartida con otros terceros si los USUARIOS han dado su consentimiento, o bien si es requerida por autoridades judiciales o administrativas.<\/p><p style=\"font-style: normal; font-variant-ligatures: normal; font-variant-caps: normal; font-weight: 400; font-size: 16px; font-family: -apple-system, BlinkMacSystemFont, 'Segoe UI', Roboto, Helvetica, Arial, sans-serif, 'Apple Color Emoji', 'Segoe UI Emoji', 'Segoe UI Symbol'; margin-block-end: 24px;\">NOTIZ puede disponer y transmitir la informaci\u00f3n de los USUARIOS almacenada en las bases de datos de NOTIZ a un tercero que adquiera la titularidad u operaci\u00f3n de los servicios relacionados con el Sitio Web, sea de manera parcial o total. Asimismo podr\u00e1n comunicar dicha informaci\u00f3n cuando sea obligada por la legislaci\u00f3n correspondiente. En caso de ocurrir, tales circunstancias ser\u00e1n anunciadas en el Sitio Web.<\/p><p style=\"font-style: normal; font-variant-ligatures: normal; font-variant-caps: normal; font-weight: 400; font-size: 16px; font-family: -apple-system, BlinkMacSystemFont, 'Segoe UI', Roboto, Helvetica, Arial, sans-serif, 'Apple Color Emoji', 'Segoe UI Emoji', 'Segoe UI Symbol'; margin-block-end: 24px;\">Al acceder al Sitio Web, los USUARIOS aceptan los T\u00e9rminos de Uso, y al brindar sus datos personales autorizan a NOTIZ para que comparta dicha informaci\u00f3n personal cuando las circunstancias indiquen la eventual comisi\u00f3n de un delito.<\/p><p style=\"font-style: normal; font-variant-ligatures: normal; font-variant-caps: normal; font-weight: 400; font-size: 16px; font-family: -apple-system, BlinkMacSystemFont, 'Segoe UI', Roboto, Helvetica, Arial, sans-serif, 'Apple Color Emoji', 'Segoe UI Emoji', 'Segoe UI Symbol'; margin-block-end: 24px;\">Asimismo, NOTIZ puede compartir informaci\u00f3n an\u00f3nima colectiva, con las compa\u00f1\u00edas del grupo empresarial al que pertenece o terceros, sobre los visitantes del Sitio Web, para efectos de estad\u00edsticas y valoraci\u00f3n de nuevos servicios.<\/p><p style=\"font-style: normal; font-variant-ligatures: normal; font-variant-caps: normal; font-weight: 400; font-size: 16px; font-family: -apple-system, BlinkMacSystemFont, 'Segoe UI', Roboto, Helvetica, Arial, sans-serif, 'Apple Color Emoji', 'Segoe UI Emoji', 'Segoe UI Symbol'; margin-block-end: 24px;\">Los USUARIOS pueden facilitar, modificar o actualizar su informaci\u00f3n personal en cualquier momento siempre que los datos facilitados en el Sitio Web sean reales y veraces.<\/p><p style=\"font-style: normal; font-variant-ligatures: normal; font-variant-caps: normal; font-weight: 400; font-size: 16px; font-family: -apple-system, BlinkMacSystemFont, 'Segoe UI', Roboto, Helvetica, Arial, sans-serif, 'Apple Color Emoji', 'Segoe UI Emoji', 'Segoe UI Symbol'; margin-block-end: 24px;\">Si los USUARIOS desean revocar el consentimiento otorgado mediante la aceptaci\u00f3n de los T\u00e9rminos de Uso y la Pol\u00edtica de Privacidad del Sitio Web, podr\u00e1n hacerlo mediante el procedimiento que se indique en el Sitio Web o bien mediante el correo\u00a0<a style=\"transition: 0.12s cubic-bezier(0.455, 0.03, 0.515, 0.955); color: #e8363c;\" href=\"mailto:info@notiz.co.cr\">info@notiz.co.cr<\/a>, indicando las razones de tal situaci\u00f3n.<\/p><p style=\"font-style: normal; font-variant-ligatures: normal; font-variant-caps: normal; font-weight: 400; font-size: 16px; font-family: -apple-system, BlinkMacSystemFont, 'Segoe UI', Roboto, Helvetica, Arial, sans-serif, 'Apple Color Emoji', 'Segoe UI Emoji', 'Segoe UI Symbol'; margin-block-end: 24px;\">Los USUARIOS entienden y aceptan que el Sitio Web est\u00e1 dirigido a personas mayores de dieciocho (18) a\u00f1os, as\u00ed como que la Pol\u00edtica de Privacidad puede ser revisada y modificada por NOTIZ en cualquier momento, sin ninguna obligaci\u00f3n de notificar los cambios efectuados en la misma. Es responsabilidad de los USUARIOS revisar peri\u00f3dicamente la Pol\u00edtica de Privacidad as\u00ed como los T\u00e9rminos de Uso del Sitio Web. El uso del Sitio Web ser\u00e1 considerado como aceptaci\u00f3n por el USUARIO de los cambios y constituir\u00e1 su acuerdo a obligarse seg\u00fan estos.<\/p><p style=\"font-style: normal; font-variant-ligatures: normal; font-variant-caps: normal; font-weight: 400; font-size: 16px; font-family: -apple-system, BlinkMacSystemFont, 'Segoe UI', Roboto, Helvetica, Arial, sans-serif, 'Apple Color Emoji', 'Segoe UI Emoji', 'Segoe UI Symbol'; margin-block-end: 24px;\">PROTECCI\u00d3N DE DATOS PERSONALES<\/p><p style=\"font-style: normal; font-variant-ligatures: normal; font-variant-caps: normal; font-weight: 400; font-size: 16px; font-family: -apple-system, BlinkMacSystemFont, 'Segoe UI', Roboto, Helvetica, Arial, sans-serif, 'Apple Color Emoji', 'Segoe UI Emoji', 'Segoe UI Symbol'; margin-block-end: 24px;\">Por la mera visita al Sitio Web, las personas que accedan al mismo no facilitan informaci\u00f3n personal alguna ni quedan obligadas a facilitarla. Cuando deban suministrar informaci\u00f3n, el Sitio Web les informar\u00e1 sobre el car\u00e1cter voluntario u obligatorio de la entrega de datos. Los datos personales brindados se manejar\u00e1n de la siguiente forma:<\/p><p style=\"font-style: normal; font-variant-ligatures: normal; font-variant-caps: normal; font-weight: 400; font-size: 16px; font-family: -apple-system, BlinkMacSystemFont, 'Segoe UI', Roboto, Helvetica, Arial, sans-serif, 'Apple Color Emoji', 'Segoe UI Emoji', 'Segoe UI Symbol'; margin-block-end: 24px;\">1 &#8211; Ser\u00e1n tratados con la m\u00e1xima confidencialidad para su gesti\u00f3n administrativa y\/o comercial, con el prop\u00f3sito de dar respuesta a los mismos. NOTIZ los utilizar\u00e1 para el an\u00e1lisis comercial o el env\u00edo de ofertas, cuando as\u00ed lo manifieste expresamente el USUARIO o por defecto en el registro de USUARIO. El USUARIO podr\u00e1 manifestar su oposici\u00f3n expresa con posterioridad para cesar el env\u00edo de boletines informativos a su email.<\/p><p style=\"font-style: normal; font-variant-ligatures: normal; font-variant-caps: normal; font-weight: 400; font-size: 16px; font-family: -apple-system, BlinkMacSystemFont, 'Segoe UI', Roboto, Helvetica, Arial, sans-serif, 'Apple Color Emoji', 'Segoe UI Emoji', 'Segoe UI Symbol'; margin-block-end: 24px;\">2 &#8211; Implica la aceptaci\u00f3n de esta Pol\u00edtica de Privacidad, as\u00ed como la autorizaci\u00f3n a NOTIZ para que trate los datos personales facilitados.<\/p><p style=\"font-style: normal; font-variant-ligatures: normal; font-variant-caps: normal; font-weight: 400; font-size: 16px; font-family: -apple-system, BlinkMacSystemFont, 'Segoe UI', Roboto, Helvetica, Arial, sans-serif, 'Apple Color Emoji', 'Segoe UI Emoji', 'Segoe UI Symbol'; margin-block-end: 24px;\">3 &#8211; Ser\u00e1n tratados adoptando los niveles de seguridad adecuados conforme a la legislaci\u00f3n vigente en materia de protecci\u00f3n de datos personales, guard\u00e1ndose las debidas medidas de seguridad tanto t\u00e9cnicas como organizativas para evitar su alteraci\u00f3n, p\u00e9rdida, tratamiento o acceso no autorizado, habida cuenta del estado de la tecnolog\u00eda, en cumplimiento de su obligaci\u00f3n de secreto, que garantizan la confidencialidad de los mismos.<\/p><p style=\"font-style: normal; font-variant-ligatures: normal; font-variant-caps: normal; font-weight: 400; font-size: 16px; font-family: -apple-system, BlinkMacSystemFont, 'Segoe UI', Roboto, Helvetica, Arial, sans-serif, 'Apple Color Emoji', 'Segoe UI Emoji', 'Segoe UI Symbol'; margin-block-end: 24px;\">4 &#8211; Implica la declaraci\u00f3n por parte del USUARIO de que toda la informaci\u00f3n provista por el USUARIO es verdadera y v\u00e1lida.<\/p><p style=\"font-style: normal; font-variant-ligatures: normal; font-variant-caps: normal; font-weight: 400; font-size: 16px; font-family: -apple-system, BlinkMacSystemFont, 'Segoe UI', Roboto, Helvetica, Arial, sans-serif, 'Apple Color Emoji', 'Segoe UI Emoji', 'Segoe UI Symbol'; margin-block-end: 24px;\"><i>Actualizaci\u00f3n mayo 20, 2025<\/i><\/p>\t\t\t\t\t\t\t\t<\/div>\n\t\t\t\t<\/div>\n\t\t\t\t\t<\/div>\n\t\t\t\t<\/div>\n\t\t\t\t<\/div>\n\t\t","protected":false},"excerpt":{"rendered":"<p>Privacidad \u201cNOTIZ\u201d Plataforma virtual que comercializa PRODUCTOS f\u00edsicos\/tangibles de un tercero; de ahora en adelante denominado PROVEEDOR, pone a su disposici\u00f3n esta Pol\u00edtica de Privacidad cuyo objetivo es informar a todos sus USUARIOS acerca de la utilizaci\u00f3n de los datos e informaci\u00f3n que faciliten a trav\u00e9s de NOTIZ. Se excluye aquella informaci\u00f3n que sea recolectada [&hellip;]<\/p>\n","protected":false},"author":1,"featured_media":0,"parent":0,"menu_order":0,"comment_status":"closed","ping_status":"closed","template":"","meta":{"footnotes":""},"class_list":["post-3901","page","type-page","status-publish","hentry"],"blocksy_meta":[],"_links":{"self":[{"href":"https:\/\/notiz.co.cr\/index.php?rest_route=\/wp\/v2\/pages\/3901","targetHints":{"allow":["GET"]}}],"collection":[{"href":"https:\/\/notiz.co.cr\/index.php?rest_route=\/wp\/v2\/pages"}],"about":[{"href":"https:\/\/notiz.co.cr\/index.php?rest_route=\/wp\/v2\/types\/page"}],"author":[{"embeddable":true,"href":"https:\/\/notiz.co.cr\/index.php?rest_route=\/wp\/v2\/users\/1"}],"replies":[{"embeddable":true,"href":"https:\/\/notiz.co.cr\/index.php?rest_route=%2Fwp%2Fv2%2Fcomments&post=3901"}],"version-history":[{"count":5,"href":"https:\/\/notiz.co.cr\/index.php?rest_route=\/wp\/v2\/pages\/3901\/revisions"}],"predecessor-version":[{"id":3906,"href":"https:\/\/notiz.co.cr\/index.php?rest_route=\/wp\/v2\/pages\/3901\/revisions\/3906"}],"wp:attachment":[{"href":"https:\/\/notiz.co.cr\/index.php?rest_route=%2Fwp%2Fv2%2Fmedia&parent=3901"}],"curies":[{"name":"wp","href":"https:\/\/api.w.org\/{rel}","templated":true}]}}