{"id":525,"date":"2025-05-02T22:39:55","date_gmt":"2025-05-03T04:39:55","guid":{"rendered":"https:\/\/startersites.io\/blocksy\/garderobe\/?post_type=product&#038;p=525"},"modified":"2025-05-20T16:40:27","modified_gmt":"2025-05-20T22:40:27","slug":"hielera-electrica","status":"publish","type":"product","link":"https:\/\/notiz.co.cr\/?product=hielera-electrica","title":{"rendered":"Hielera el\u00e9ctrica"},"content":{"rendered":"<p>\u00a1Mant\u00e9n tus bebidas y alimentos frescos en cualquier viaje! Hielera el\u00e9ctrica port\u00e1til, se conecta al carro para enfriar sin necesidad de hielo.<\/p>\n","protected":false},"excerpt":{"rendered":"<p>\u00a1Mant\u00e9n tus bebidas y alimentos frescos en cualquier viaje! Hielera el\u00e9ctrica port\u00e1til, se conecta al carro para enfriar sin necesidad de hielo.<\/p>\n","protected":false},"featured_media":3557,"comment_status":"open","ping_status":"closed","template":"","meta":[],"product_brand":[],"product_cat":[43],"product_tag":[],"class_list":{"0":"post-525","1":"product","2":"type-product","3":"status-publish","4":"has-post-thumbnail","6":"product_cat-productos-de-importacion","8":"first","9":"instock","10":"shipping-taxable","11":"purchasable","12":"product-type-simple"},"_links":{"self":[{"href":"https:\/\/notiz.co.cr\/index.php?rest_route=\/wp\/v2\/product\/525","targetHints":{"allow":["GET"]}}],"collection":[{"href":"https:\/\/notiz.co.cr\/index.php?rest_route=\/wp\/v2\/product"}],"about":[{"href":"https:\/\/notiz.co.cr\/index.php?rest_route=\/wp\/v2\/types\/product"}],"replies":[{"embeddable":true,"href":"https:\/\/notiz.co.cr\/index.php?rest_route=%2Fwp%2Fv2%2Fcomments&post=525"}],"wp:featuredmedia":[{"embeddable":true,"href":"https:\/\/notiz.co.cr\/index.php?rest_route=\/wp\/v2\/media\/3557"}],"wp:attachment":[{"href":"https:\/\/notiz.co.cr\/index.php?rest_route=%2Fwp%2Fv2%2Fmedia&parent=525"}],"wp:term":[{"taxonomy":"product_brand","embeddable":true,"href":"https:\/\/notiz.co.cr\/index.php?rest_route=%2Fwp%2Fv2%2Fproduct_brand&post=525"},{"taxonomy":"product_cat","embeddable":true,"href":"https:\/\/notiz.co.cr\/index.php?rest_route=%2Fwp%2Fv2%2Fproduct_cat&post=525"},{"taxonomy":"product_tag","embeddable":true,"href":"https:\/\/notiz.co.cr\/index.php?rest_route=%2Fwp%2Fv2%2Fproduct_tag&post=525"}],"curies":[{"name":"wp","href":"https:\/\/api.w.org\/{rel}","templated":true}]}}